{"id":727,"date":"2022-12-15T17:39:56","date_gmt":"2022-12-15T23:39:56","guid":{"rendered":"https:\/\/gmake-up.com\/principal\/?page_id=727"},"modified":"2022-12-15T17:46:12","modified_gmt":"2022-12-15T23:46:12","slug":"terminos-y-condiciones","status":"publish","type":"page","link":"https:\/\/gmake-up.com\/principal\/?page_id=727","title":{"rendered":"T\u00e9rminos y condiciones"},"content":{"rendered":"<p>Desde 15 de diciembre de 2022<\/p>\n<p>Tu gu\u00eda de Skincare by Gabriela Bautista te provee sus servicios (descritos abajo) a trav\u00e9s del sitio web gmake-up.com (\u201cel sitio\u201d) y a trav\u00e9s de las aplicaciones web y servicios relacionados sujetos a los siguientes T\u00e9rminos y Condiciones. Nos reservamos el derecho, a nuestra sola discreci\u00f3n de cambiar o modificar partes de estos T\u00e9rminos y Condiciones en cualquier momento. En caso de realizar alg\u00fan cambio se publicar\u00e1n en esta p\u00e1gina y se actualizar\u00e1 la fecha de \u00faltima revisi\u00f3n en la parte superior de la p\u00e1gina.<\/p>\n<ul>\n<li>Privacidad: En G make-up respetamos la privacidad de nuestros usuarios. Para detalles de las Pol\u00edticas de Privacidad por favor clic\u00a0<a href=\"https:\/\/gmake-up.com\/principal\/?page_id=728\">aqu\u00ed<\/a>. Al utilizar nuestro servicio das tu consentimiento para la recolecci\u00f3n y uso de datos personales tal como se indica ah\u00ed.<\/li>\n<li>Descripci\u00f3n de Uso: El servicio de\u00a0Tu gu\u00eda de Skincare by Gabriela Bautista, y cualquier otro contenido visto a trav\u00e9s de nuestro sitio web, es exclusivamente para tu uso personal y no comercial. Con tu compra de Tu gu\u00eda de Skincare by Gabriela Bautista te concedemos licencia de acceso limitado, no exclusivo y no transferible al contenido. Est\u00e1s de acuerdo en no utilizar el servicio para fines p\u00fablicos. Podemos revocar tu licencia de acceso en cualquier momento a nuestra discreci\u00f3n. En caso de revocaci\u00f3n deber\u00e1s eliminar inmediatamente todo el contenido descargado u obtenido a trav\u00e9s de nuestro servicio. As\u00ed como cualquier copia de dicho material.<\/li>\n<li>Cuenta de usuario, contrase\u00f1a y seguridad: Nunca deber\u00e1s usar la cuenta de otro usuario, y no debes proporcionar tu usuario y contrase\u00f1a de acceso a alguien m\u00e1s. Eres completamente responsable por cualquier y toda actividad que ocurran en tu cuenta bajo tu usuario y contrase\u00f1a, y eres responsable de que tu usuario y contrase\u00f1a permanezcan confidenciales.<\/li>\n<li>L\u00edmite de dispositivos de acceso: Se limita el acceso del usuario a m\u00e1ximo 2 dispositivos en total. Al tercer dispositivo de acceso, nos reservamos el derecho de revocar el acceso total al usuario.<\/li>\n<li>Pol\u00edticas de Cancelaci\u00f3n: Todas las compras son venta final. No se ofrecen reembolsos ni devoluciones para ninguno de nuestros productos, iindependientemente que se haya o no comprado directamente o a trav\u00e9s de tarjeta de regalo.<\/li>\n<li>Periodos de Acceso: el usuario tiene concedidos 180 d\u00edas de acceso a partir del d\u00eda de compra a la plataforma para consumir de manera exclusivamente personal el contenido. Despu\u00e9s de este periodo el acceso ser\u00e1 revocado. No existen periodos de prolongaci\u00f3n de acceso bajo ninguna circunstancia.<\/li>\n<li>Servicios M\u00f3viles: El servicio puede incluir acceso v\u00eda dispositivos m\u00f3viles, incluyendo la habilidad de accesar al contenido. Accesando desde un dispositivo m\u00f3vil, tu servidor wireless puede aplicar cargos est\u00e1ndar al uso de datos m\u00f3viles.<\/li>\n<li>Conducta de Usuario: Eres el \u00fanico(a) responsable de todo contenido (c\u00f3digo, videos, im\u00e1genes, informaci\u00f3n, datos, texto, software, m\u00fasica, sonido, gr\u00e1ficos, mensajes y cualquier otro material) que subes, cargas, posteas, publicas, muestras, mandas por correo. Nos reservamos el derecho a investigar y tomar las acciones legales apropiadas en contra de cualquiera que, a discreci\u00f3n de nosotros, viole estas pol\u00edticas.<\/li>\n<li>Est\u00e1s de acuerdo con no subir, cargar, enviar electr\u00f3nicamente, publicar o transmitir contenido que infrinja la propiedad intelectual o derechos de autor.<\/li>\n<li>Pol\u00edtica de Privacidad de Contenido: Todas las compras son para uso exclusivo del comprador o usuario a quien se le haya regalado el producto. Compartir informaci\u00f3n de acceso est\u00e1 estrictamente prohibido. Monitoreamos direcciones IP, historial de acceso y ubicaci\u00f3n, as\u00ed como historial del perfil de usuario por sospechas de no cumplimiento con estas pol\u00edticas.<\/li>\n<li>Cargos: El servicio de Tu gu\u00eda de Skincare by Gabriela Bautista est\u00e1 disponible por una cuota, se te requerir\u00e1 seleccionar un m\u00e9todo de pago y proveer a la plataforma informaci\u00f3n con respecto a tu tarjeta de cr\u00e9dito u otro instrumento de pago. T\u00fa representas y garantizas a la plataforma que dicha informaci\u00f3n es verdadera y que est\u00e1s autorizado(a) a utilizar ese instrumento de pago. Est\u00e1s de acuerdo en pagar a la plataforma el monto especificado en el proceso de compra en acuerdo con nuestros T\u00e9rminos y Condiciones.<\/li>\n<li>Cl\u00e1usula de descargo de responsabilidad de Tu gu\u00eda de Skincare by Gabriela Bautista, contiene informaci\u00f3n general sobre salud de la piel espec\u00edficamente y sin garant\u00edas de cualquier tipo, ya sea expresa o implicada. La informaci\u00f3n ofrecida no son consejos m\u00e9dicos, recomendaciones o asesor\u00eda m\u00e9dica de ning\u00fan tipo, y no deben tratarse nunca como tal.\u00a0Para s\u00edntomas, preguntas o asesor\u00eda m\u00e9dica visite a su doctor. Usted no debe tomar la informaci\u00f3n de este libro electr\u00f3nico como una alternativa al consejo de su m\u00e9dico u otro profesional sanitario.\u00a0La autora de Tu gu\u00eda de Skincare by Gabriela Bautista no se responsabiliza por ning\u00fan consejo, curso de tratamiento, diagn\u00f3stico, medicamentos y aplicaci\u00f3n de dispositivos u otra informaci\u00f3n, servicios o productos que se obtengan a trav\u00e9s este medio.<\/li>\n<li>Derechos de Autor: Ninguna parte de Tu gu\u00eda de Skincare by Gabriela Bautista puede ser reproducida, almacenada o transmitida en ninguna forma y bajo ninguna circunstancia de manera electr\u00f3nica, mec\u00e1nica o alguna otra sin el consentimiento previo por escrito del autor, a excepci\u00f3n de incluir peque\u00f1as citas en una rese\u00f1a. A excepci\u00f3n de lo autorizado por Tu gu\u00eda de Skincare by Gabriela Bautista, est\u00e1s de acuerdo en no modificar, copiar, vender, distribuir o crear trabajo derivado y\/o basado enTu gu\u00eda de Skincare by Gabriela Bautista, por completo o en partes.<\/li>\n<li>El nombre y logo de G make-up son exclusivos de Gabriela Bautista.<\/li>\n<\/ul>\n<p>\u00bfPreguntas o sugerencias? Por favor cont\u00e1ctanos a gaby@gmake-up.com<\/p>\n","protected":false},"excerpt":{"rendered":"<p>Desde 15 de diciembre de 2022 Tu gu\u00eda de Skincare by Gabriela Bautista te provee sus servicios (descritos abajo) a trav\u00e9s del sitio web gmake-up.com (\u201cel sitio\u201d) y a trav\u00e9s de las aplicaciones web y servicios relacionados sujetos a los siguientes T\u00e9rminos y Condiciones. Nos reservamos el derecho, a nuestra sola discreci\u00f3n de cambiar o [&hellip;]<\/p>\n","protected":false},"author":1,"featured_media":0,"parent":0,"menu_order":0,"comment_status":"closed","ping_status":"closed","template":"page-template-blank.php","meta":{"_et_pb_use_builder":"","_et_pb_old_content":"","_et_gb_content_width":"","footnotes":""},"_links":{"self":[{"href":"https:\/\/gmake-up.com\/principal\/index.php?rest_route=\/wp\/v2\/pages\/727"}],"collection":[{"href":"https:\/\/gmake-up.com\/principal\/index.php?rest_route=\/wp\/v2\/pages"}],"about":[{"href":"https:\/\/gmake-up.com\/principal\/index.php?rest_route=\/wp\/v2\/types\/page"}],"author":[{"embeddable":true,"href":"https:\/\/gmake-up.com\/principal\/index.php?rest_route=\/wp\/v2\/users\/1"}],"replies":[{"embeddable":true,"href":"https:\/\/gmake-up.com\/principal\/index.php?rest_route=%2Fwp%2Fv2%2Fcomments&post=727"}],"version-history":[{"count":2,"href":"https:\/\/gmake-up.com\/principal\/index.php?rest_route=\/wp\/v2\/pages\/727\/revisions"}],"predecessor-version":[{"id":733,"href":"https:\/\/gmake-up.com\/principal\/index.php?rest_route=\/wp\/v2\/pages\/727\/revisions\/733"}],"wp:attachment":[{"href":"https:\/\/gmake-up.com\/principal\/index.php?rest_route=%2Fwp%2Fv2%2Fmedia&parent=727"}],"curies":[{"name":"wp","href":"https:\/\/api.w.org\/{rel}","templated":true}]}}